{"id":9,"date":"2026-04-04T14:15:56","date_gmt":"2026-04-04T14:15:56","guid":{"rendered":"https:\/\/acglobal.website\/?page_id=9"},"modified":"2026-04-04T14:16:14","modified_gmt":"2026-04-04T14:16:14","slug":"9-2","status":"publish","type":"page","link":"https:\/\/acglobal.website\/","title":{"rendered":"cm88"},"content":{"rendered":"\n<div class=\"row\"  id=\"row-1651369550\">\n\n\n\t<div id=\"col-1564029430\" class=\"col small-12 large-12\"  >\n\t\t\t\t<div class=\"col-inner\"  >\n\t\t\t\n\t\t\t\n\n<h1 style=\"text-align: center;\"><strong>CM88 \u2013 \u0110i\u1ec3m \u0111\u1ebfn gi\u1ea3i tr\u00ed tr\u1ef1c tuy\u1ebfn \u0111\u01b0\u1ee3c nhi\u1ec1u ng\u01b0\u1eddi l\u1ef1a ch\u1ecdn<\/strong><\/h1>\n<p>CM88 l\u00e0 n\u1ec1n t\u1ea3ng gi\u1ea3i tr\u00ed tr\u1ef1c tuy\u1ebfn \u0111ang d\u1ea7n kh\u1eb3ng \u0111\u1ecbnh v\u1ecb tr\u00ed c\u1ee7a m\u00ecnh nh\u1edd s\u1ef1 \u1ed5n \u0111\u1ecbnh v\u00e0 tr\u1ea3i nghi\u1ec7m th\u00e2n thi\u1ec7n v\u1edbi ng\u01b0\u1eddi d\u00f9ng. Ngay t\u1eeb l\u1ea7n \u0111\u1ea7u truy c\u1eadp, ng\u01b0\u1eddi ch\u01a1i\u00a0c\u00f3 th\u1ec3 d\u1ec5 d\u00e0ng l\u00e0m quen v\u1edbi c\u00e1ch b\u1ed1 tr\u00ed r\u00f5 r\u00e0ng, thao t\u00e1c nhanh v\u00e0 kh\u00f4ng m\u1ea5t nhi\u1ec1u th\u1eddi gian t\u00ecm hi\u1ec3u.<\/p>\n<p>M\u1ed9t trong nh\u1eefng y\u1ebfu t\u1ed1 gi\u00fap CM88 t\u1ea1o \u0111\u01b0\u1ee3c thi\u1ec7n c\u1ea3m l\u00e0 s\u1ef1 ch\u1ec9n chu trong d\u1ecbch v\u1ee5. H\u1ec7 th\u1ed1ng v\u1eadn h\u00e0nh m\u01b0\u1ee3t m\u00e0, h\u1ea1n ch\u1ebf gi\u00e1n \u0111o\u1ea1n, \u0111i k\u00e8m v\u1edbi \u0111\u1ed9i ng\u0169 h\u1ed7 tr\u1ee3 ph\u1ea3n h\u1ed3i nhanh khi ng\u01b0\u1eddi d\u00f9ng c\u1ea7n tr\u1ee3 gi\u00fap. \u0110i\u1ec1u n\u00e0y g\u00f3p ph\u1ea7n mang l\u1ea1i c\u1ea3m gi\u00e1c tin c\u1eady trong su\u1ed1t qu\u00e1 tr\u00ecnh s\u1eed d\u1ee5ng.<\/p>\n<p>B\u00ean c\u1ea1nh \u0111\u00f3, CM88 c\u0169ng ch\u00fa tr\u1ecdng \u0111\u1ebfn vi\u1ec7c x\u00e2y d\u1ef1ng m\u00f4i tr\u01b0\u1eddng s\u1eed d\u1ee5ng an to\u00e0n, gi\u00fap ng\u01b0\u1eddi d\u00f9ng y\u00ean t\u00e2m h\u01a1n khi tham gia. Nh\u1edd s\u1ef1 k\u1ebft h\u1ee3p gi\u1eefa tr\u1ea3i nghi\u1ec7m t\u1ed1t v\u00e0 d\u1ecbch v\u1ee5 \u1ed5n \u0111\u1ecbnh, n\u1ec1n t\u1ea3ng n\u00e0y \u0111ang ng\u00e0y c\u00e0ng \u0111\u01b0\u1ee3c nhi\u1ec1u ng\u01b0\u1eddi quan t\u00e2m v\u00e0 l\u1ef1a ch\u1ecdn.<\/p>\n\n\t\t<\/div>\n\t\t\t\t\t<\/div>\n\n\t\n\n<\/div>\n\n","protected":false},"excerpt":{"rendered":"","protected":false},"author":1,"featured_media":0,"parent":0,"menu_order":0,"comment_status":"closed","ping_status":"closed","template":"","meta":{"footnotes":""},"class_list":["post-9","page","type-page","status-publish","hentry"],"_links":{"self":[{"href":"https:\/\/acglobal.website\/index.php?rest_route=\/wp\/v2\/pages\/9","targetHints":{"allow":["GET"]}}],"collection":[{"href":"https:\/\/acglobal.website\/index.php?rest_route=\/wp\/v2\/pages"}],"about":[{"href":"https:\/\/acglobal.website\/index.php?rest_route=\/wp\/v2\/types\/page"}],"author":[{"embeddable":true,"href":"https:\/\/acglobal.website\/index.php?rest_route=\/wp\/v2\/users\/1"}],"replies":[{"embeddable":true,"href":"https:\/\/acglobal.website\/index.php?rest_route=%2Fwp%2Fv2%2Fcomments&post=9"}],"version-history":[{"count":3,"href":"https:\/\/acglobal.website\/index.php?rest_route=\/wp\/v2\/pages\/9\/revisions"}],"predecessor-version":[{"id":13,"href":"https:\/\/acglobal.website\/index.php?rest_route=\/wp\/v2\/pages\/9\/revisions\/13"}],"wp:attachment":[{"href":"https:\/\/acglobal.website\/index.php?rest_route=%2Fwp%2Fv2%2Fmedia&parent=9"}],"curies":[{"name":"wp","href":"https:\/\/api.w.org\/{rel}","templated":true}]}}